{"id":104,"date":"2025-08-21T21:59:31","date_gmt":"2025-08-21T21:59:31","guid":{"rendered":"https:\/\/konfigurator.vendomaster.pl\/?page_id=104"},"modified":"2025-10-10T12:57:22","modified_gmt":"2025-10-10T12:57:22","slug":"uzupelnij-maszyne-vendorowa","status":"publish","type":"page","link":"https:\/\/konfigurator.vendomaster.pl\/","title":{"rendered":"Uzupe\u0142nij maszyn\u0119 vendorow\u0105"},"content":{"rendered":"\n<h1 class=\"wp-block-heading has-text-align-center\"><strong>Uzupe\u0142nij swoj\u0105 maszyn\u0119<\/strong><\/h1>\n\n\n\n<p class=\"has-text-align-center narrow-text\">W kilku prostych krokach mo\u017cesz wybra\u0107 konfiguracj\u0119 \u2028i zaopatrzenie swojej maszyny vendingowej.<\/p>\n\n\n\n<div style=\"height:74px\" aria-hidden=\"true\" class=\"wp-block-spacer\"><\/div>\n\n\n\n<div class=\"wp-block-group alignfull vendomaster-pattern\"><div class=\"wp-block-group__inner-container is-layout-constrained wp-block-group-is-layout-constrained\">\n<h2 class=\"wp-block-heading has-text-align-center\"><strong>Jak to dzia\u0142a?<\/strong><\/h2>\n\n\n\n<div style=\"height:38px\" aria-hidden=\"true\" class=\"wp-block-spacer\"><\/div>\n\n\n\n<div class=\"wp-block-columns is-layout-flex wp-container-core-columns-is-layout-9d6595d7 wp-block-columns-is-layout-flex\">\n<div class=\"wp-block-column vendomaster-pattern-column is-layout-flow wp-block-column-is-layout-flow\">\n<div class=\"wp-block-datazen-rounded-block datazen-rounded-block  color-main\" style=\"width:px;height:px;background-image:url(https:\/\/konfigurator.vendomaster.pl\/wp-content\/uploads\/2025\/09\/counter-bg.png)\">\n<p>1<\/p>\n<\/div>\n\n\n\n<div style=\"height:22px\" aria-hidden=\"true\" class=\"wp-block-spacer\"><\/div>\n\n\n\n<ul class=\"wp-block-list\">\n<li>Poni\u017csza wizualizacja odwzorowuje uk\u0142ad produkt\u00f3w w naszej maszynie vendingowej.<\/li>\n\n\n\n<li>Klikaj\u0105c w puste miejsce w boksie, wybieramy jeden z dost\u0119pnych w naszej ofercie produkt\u00f3w.<\/li>\n<\/ul>\n<\/div>\n\n\n\n<div class=\"wp-block-column vendomaster-pattern-column is-layout-flow wp-block-column-is-layout-flow\">\n<div class=\"wp-block-datazen-rounded-block datazen-rounded-block  color-main\" style=\"width:px;height:px;background-image:url(https:\/\/konfigurator.vendomaster.pl\/wp-content\/uploads\/2025\/09\/counter-bg.png)\">\n<p>2<\/p>\n<\/div>\n\n\n\n<div style=\"height:22px\" aria-hidden=\"true\" class=\"wp-block-spacer\"><\/div>\n\n\n\n<ul class=\"wp-block-list\">\n<li>Wszystkie dost\u0119pne sloty musz\u0105 zosta\u0107 uzupe\u0142nione.<\/li>\n\n\n\n<li>Niekt\u00f3re produkty zajmuj\u0105 przestrze\u0144 wi\u0119ksz\u0105 ni\u017c jeden slot. W takiej sytuacji slot s\u0105siaduj\u0105cy z takim produktem zostanie zablokowany.<\/li>\n<\/ul>\n<\/div>\n\n\n\n<div class=\"wp-block-column vendomaster-pattern-column is-layout-flow wp-block-column-is-layout-flow\">\n<div class=\"wp-block-datazen-rounded-block datazen-rounded-block  color-main\" style=\"width:px;height:px;background-image:url(https:\/\/konfigurator.vendomaster.pl\/wp-content\/uploads\/2025\/09\/counter-bg.png)\">\n<p>3<\/p>\n<\/div>\n\n\n\n<div style=\"height:22px\" aria-hidden=\"true\" class=\"wp-block-spacer\"><\/div>\n\n\n\n<ul class=\"wp-block-list\">\n<li>Po wybraniu wszystkich produkt\u00f3w skorzystaj z formularza umieszczonego pod maszyn\u0105 vendingow\u0105, aby poda\u0107 swoje dane i z\u0142o\u017cy\u0107 zam\u00f3wienie.<\/li>\n\n\n\n<li>Nasz handlowiec skontaktuje si\u0119 z tob\u0105 w celu ustalenia szczeg\u00f3\u0142\u00f3w zam\u00f3wienia.<\/li>\n<\/ul>\n<\/div>\n<\/div>\n<\/div><\/div>\n","protected":false},"excerpt":{"rendered":"<p>Uzupe\u0142nij swoj\u0105 maszyn\u0119 W kilku prostych krokach mo\u017cesz wybra\u0107 konfiguracj\u0119 \u2028i zaopatrzenie swojej maszyny vendingowej. Jak to dzia\u0142a?<\/p>\n","protected":false},"author":1,"featured_media":0,"parent":0,"menu_order":0,"comment_status":"closed","ping_status":"closed","template":"page-machine.php","meta":{"footnotes":""},"class_list":["post-104","page","type-page","status-publish","hentry","entry"],"_links":{"self":[{"href":"https:\/\/konfigurator.vendomaster.pl\/index.php?rest_route=\/wp\/v2\/pages\/104","targetHints":{"allow":["GET"]}}],"collection":[{"href":"https:\/\/konfigurator.vendomaster.pl\/index.php?rest_route=\/wp\/v2\/pages"}],"about":[{"href":"https:\/\/konfigurator.vendomaster.pl\/index.php?rest_route=\/wp\/v2\/types\/page"}],"author":[{"embeddable":true,"href":"https:\/\/konfigurator.vendomaster.pl\/index.php?rest_route=\/wp\/v2\/users\/1"}],"replies":[{"embeddable":true,"href":"https:\/\/konfigurator.vendomaster.pl\/index.php?rest_route=%2Fwp%2Fv2%2Fcomments&post=104"}],"version-history":[{"count":20,"href":"https:\/\/konfigurator.vendomaster.pl\/index.php?rest_route=\/wp\/v2\/pages\/104\/revisions"}],"predecessor-version":[{"id":170,"href":"https:\/\/konfigurator.vendomaster.pl\/index.php?rest_route=\/wp\/v2\/pages\/104\/revisions\/170"}],"wp:attachment":[{"href":"https:\/\/konfigurator.vendomaster.pl\/index.php?rest_route=%2Fwp%2Fv2%2Fmedia&parent=104"}],"curies":[{"name":"wp","href":"https:\/\/api.w.org\/{rel}","templated":true}]}}